{"id":135,"date":"2022-05-24T19:37:03","date_gmt":"2022-05-24T19:37:03","guid":{"rendered":"https:\/\/www.iris-gothe.de\/?page_id=135"},"modified":"2025-08-09T09:45:25","modified_gmt":"2025-08-09T09:45:25","slug":"ablauf-und-kosten","status":"publish","type":"page","link":"https:\/\/www.iris-gothe.de\/index.php\/ablauf-und-kosten\/","title":{"rendered":"Ablauf und Kosten"},"content":{"rendered":"\n<p>Da ich keinen Kassensitz habe, biete ich keine Therapiepl\u00e4tze f\u00fcr Patienten an, die \u00fcber die gesetzliche Krankenversicherung abrechnen.<\/p>\n\n\n\n<p>Ich biete Termine ausschlie\u00dflich f\u00fcr Privatpatienten, Beihilfeberechtigte und Selbstzahler an.<\/p>\n\n\n\n<p><em><strong>NEU: <\/strong>ab dem 1.7.2024 gibt es eine neue <a rel=\"noreferrer noopener\" href=\"https:\/\/www.iris-gothe.de\/wp-content\/uploads\/2024\/07\/2024_07_pkv-v-beihilfe-abrechnungsempfehlung.pdf\" data-type=\"attachment\" data-id=\"569\" target=\"_blank\">Abrechnungsempfehlung<\/a> der Bundes\u00e4rztekammer, der Bundespsychotherapeutenkammer, dem Verband der Privaten Krankenversicherung und den Beihilfestellen von Bund und L\u00e4ndern. Es gelten neue <a rel=\"noreferrer noopener\" href=\"https:\/\/www.iris-gothe.de\/wp-content\/uploads\/2024\/07\/2024_NeueLeistungen_GOP.pdf\" data-type=\"attachment\" data-id=\"557\" target=\"_blank\">Analogleistungen<\/a> f\u00fcr psychotherapeutische Sprechstunde, Akut-, Kurzzeit-, und Gruppentherapie, Gespr\u00e4ch mit Bezugspersonen sowie Testdurchf\u00fchrungen. <\/em><\/p>\n\n\n\n<h3 class=\"wp-block-heading\">Vor dem Erstgespr\u00e4ch<\/h3>\n\n\n\n<p>Nach Kontaktaufnahme vereinbaren wir ein Erstgespr\u00e4ch oder ich nehme Ihr Kind auf die Warteliste.<\/p>\n\n\n\n<p><strong>Bitte laden Sie vor dem Termin alle notwendigen <a href=\"https:\/\/www.iris-gothe.de\/index.php\/formulare\/\" target=\"_blank\" rel=\"noreferrer noopener\">Formulare<\/a> herunter und bringen diese unterschrieben zum ersten Termin mit.<\/strong><\/p>\n\n\n\n<p>Hilfreich ist es auch, wenn Sie das U-Heft, Zeugnisse und Vorbefunde (z.b.: Arztbriefe, Bericht von Kindergarten oder Ergotherapie) mitbringen.<\/p>\n\n\n\n<p>Eltern von Kindern und Jugendlichen, die privat versichert sind, sollten die M\u00f6glichkeit der Kosten\u00fcbernahme im Vorfeld erfragen. <\/p>\n\n\n\n<h3 class=\"wp-block-heading\">Sprechstunde<\/h3>\n\n\n\n<p><em>Es k\u00f6nnen bis zu 10 Psychotherapeutische Sprechstunden (je 25 Minuten) angeboten werden. Diese werden nach der GOP-Analogziffer 812a mit dem 2,3-fachen Satz von 67,03 Euro je vollendete 25 Minuten in Rechnung gestellt werden.<\/em><\/p>\n\n\n\n<p>Die Sprechstunden dienen dem Ziel der Abkl\u00e4rung einer behandlungsbed\u00fcrftigen Diagnose und der Abkl\u00e4rung des individuellen Behandlungsbedarfs und Empfehlungen f\u00fcr die weitere Behandlung.<\/p>\n\n\n\n<h3 class=\"wp-block-heading\">Akutbehandlung<\/h3>\n\n\n\n<p>Nach den Sprechstunden kann bei akuten psychischen Krisen- und Ausnahmezust\u00e4nden innerhalb von 2 Wochen nach Diagnosestellung ohne Antragsstellung mit einer Akutbehandlung begonnen werden. <em>Diese wird mit der Analogziffer 812a zu je 67,03 je vollendete 25 Minuten abgerechnet und ist bis zu 24 mal pro Jahr berechnungsf\u00e4hig.<\/em><\/p>\n\n\n\n<h3 class=\"wp-block-heading\">Probatorische Sitzungen<\/h3>\n\n\n\n<p>Im Anschluss an die Sprechstunden oder Akuttherapie k\u00f6nnen bis zu 7 probatorische Sitzungen stattfinden. <em>Diese werden zum erh\u00f6hten 2,8-fachen Satz der Ziffer 870 mit je 122,40 Euro abgerechnet.<\/em><\/p>\n\n\n\n<p>Die sogenannten <strong>probatorischen Sitzungen<\/strong>, dienen zum vertieften Kennenlernen und zur genauen Erfassung des Anliegens und der Pr\u00fcfung, ob eine Verhaltenstherapie zum jetzigen Zeitpunkt sinnvoll und erfolgversprechend erscheint. Bei Kindern m\u00fcssen sich nicht nur diese, sondern auch deren Bezugspersonen auf eine Zusammenarbeit einlassen k\u00f6nnen. Nur dann wird ein <strong>Antrag auf Psychotherapie<\/strong> bei der Beihilfe oder Krankenkasse gestellt. <\/p>\n\n\n\n<p>Es findet eine Diagnostik und ausf\u00fchrliche Anamnese statt. Je j\u00fcnger die Kinder, desto wichtiger sind die Informationen der Eltern und Bezugspersonen.<\/p>\n\n\n\n<p>Sofern wir gemeinsam zu dem Ergebnis gelangen, dass eine weitere therapeutische Behandlung indiziert ist, wird das weitere Vorgehen besprochen.<\/p>\n\n\n\n<p>Zusammen entwickeln wir Ziele und Vorgehensweisen f\u00fcr die Behandlung. <\/p>\n\n\n\n<h3 class=\"wp-block-heading\">Kurzzeit- und Langzeittherapie<\/h3>\n\n\n\n<p>Im Anschluss kann eine Kurzzeit- oder Langzeittherapie beantragt werden. Hierzu sendet Ihnen Ihre Krankenkasse und die Beihilfe Unterlagen zu. Bitte k\u00fcmmern Sie sich selbst um die Zusendung der Unterlagen. Ich helfe Ihnen dann gerne beim Ausf\u00fcllen. Den zugesendeten Konsiliarbericht, f\u00fcllt der Haus- oder Kinderarzt aus.<\/p>\n\n\n\n<p><em>Die Kosten f\u00fcr 50 Minuten Kurzzeittherapie oder 100 Minuten Gruppentherapie liegen bei 134,06 Euro.<\/em><\/p>\n\n\n\n<p><em>Die Kosten f\u00fcr eine Langzeittherapie abgerechnet nach der Ziffer 870 GOP liegt bei 100,55 Euro. Zus\u00e4tzlich kann bei jeder Sitzung die Ziffer 801 analog &#8211; Erhebung des aktuellen psychischen Befundes in H\u00f6he von 33,52 Euro abgerechnet werden.<\/em><\/p>\n\n\n\n<p>Hinzu kommen ggfs. Kosten f\u00fcr das Durchf\u00fchren und Auswerten von Tests, biografischer Anamnese, die Erstellung eines Arztbriefes oder  Beratung. <\/p>\n\n\n\n<p>Unabh\u00e4ngig von der Erstattung durch Dritte (z.B. private Krankenversicherung oder Beihilfe) sind Sie als Rechnungsempf\u00e4nger f\u00fcr die termingerechte Zahlung verantwortlich. <\/p>\n\n\n\n<h3 class=\"wp-block-heading\">Gruppentherapie<\/h3>\n\n\n\n<p>H\u00e4ufig ist eine Therapie in einer Gruppe mit Gleichaltrigen sehr hilfreich. Aufgrund meiner Qualifikation zur Gruppentherapeutin k\u00f6nnen in meiner Praxis Gruppentherapien angeboten werden, sofern sich mindestens 2 Patienten finden, die zueinander passen und \u00e4hnliche Therapieziele verfolgen. Es k\u00f6nnen Gruppen zur F\u00f6rderung der Sozialen Kompetenz, zur F\u00f6rderung der Sozial-emotionalen Entwicklung, zur Bew\u00e4ltigung von \u00c4ngsten und Zw\u00e4ngen, Konzentrationstraining oder Skillstraining sein.Eine Elterngruppe mit einem Elterntraining ist f\u00fcr den Herbst geplant.Bei Interesse an einer Gruppentherapie, sprechen Sie mich an.<\/p>\n\n\n\n<h3 class=\"wp-block-heading\">Selbstzahler<\/h3>\n\n\n\n<p>Als Selbstzahler k\u00f6nnen Sie unabh\u00e4ngig davon, wie Ihr Kind versichert ist einen Vertrag mit mir abschlie\u00dfen. Der Vorteil ist, dass Sie keine Krankenkasse informieren m\u00fcssen und somit auch keine Diagnose bekannt gegeben wird.  Wir k\u00f6nnen eine flexible Anzahl an Sitzungen vereinbaren.<\/p>\n\n\n\n<p><em>Die Kosten pro Therapiesitzung f\u00fcr Selbstzahler betragen, angelehnt an die GO\u00c4\/GOP Abrechnungsempfehlung 67,03 Euro je vollendete 25 Minuten.<\/em><\/p>\n\n\n\n<h3 class=\"wp-block-heading\">gesetzlich Versicherte<\/h3>\n\n\n\n<p>Gesetzlich Versicherte k\u00f6nnen, sofern sie schon lange vergeblich nach einem Therapieplatz gesucht haben ggfs. \u00fcber das sogenannte&nbsp;<a rel=\"noreferrer noopener\" href=\"https:\/\/www.therapie.de\/psyche\/info\/fragen\/wichtigste-fragen\/psychotherapie-kostenerstattung\/\" target=\"_blank\">Kostenerstattungsverfahren<\/a>&nbsp;eine Finanzierung der Diagnostik und Therapie beantragen. Bitte erkundigen Sie sich diesbez\u00fcglich bei Ihrer Krankenkasse und nehmen Sie dann zu mir Kontakt auf. Sie sollten im Vorfeld mindestens eine Psychotherapeutische Sprechstunde \u00fcber die <a rel=\"noreferrer noopener\" href=\"https:\/\/www.116117.de\/de\/index.php\" data-type=\"URL\" data-id=\"https:\/\/www.116117.de\/de\/index.php\" target=\"_blank\">116117<\/a> gebucht und dort das Formblatt PTV11 erhalten haben. <\/p>\n\n\n\n<p>Das Verfahren der Kostenserstattung ist langwierig und wird h\u00e4ufig abgelehnt. <\/p>\n\n\n\n<h3 class=\"wp-block-heading\">Testung<\/h3>\n\n\n\n<p>Manche Eltern w\u00fcnschen eine Testung au\u00dferhalb des Gesundheitssystems. Gr\u00fcnde k\u00f6nnten der Verdacht auf eine hohe oder niedrige Intelligenz oder Teilleistungsst\u00f6rung sein.<\/p>\n\n\n\n<p><em>F\u00fcr eine Intelligenztestung fallen inklusive 1,5-st\u00fcndiger Testung; Auswertung und 1 Beratungsgespr\u00e4ch Kosten in H\u00f6he von ca. 450 Euro an. <\/em><\/p>\n\n\n\n<p>Jedes weitere Beratungsgespr\u00e4ch wird mit dem o.g. Satz f\u00fcr Selbstzahler berechnet<\/p>\n\n\n\n<p><em>F\u00fcr jede weitere Testung (z.B. auf Teilleistungsst\u00f6rung) berechne ich je nach Aufwand zwischen 75 bis 150 Euro.<\/em><\/p>\n\n\n\n<h3 class=\"wp-block-heading\">Ausfallhonorar<\/h3>\n\n\n\n<p>Ein vereinbarter Termin wird f\u00fcr Sie bzw Ihr Kind reserviert und steht somit keinem anderen Patienten zur Verf\u00fcgung. Wird ein vereinbarter Termin nicht wahrgenommen oder kurzfristig d.h. weniger als 24 Stunden vor dem Termin abgesagt und kann kurzfristig kein anderer Patient den Termin wahrnehmen, wird ein Ausfallhonorar f\u00e4llig, welches dem Rechnungsempf\u00e4nger privat in Rechnung gestellt wird. Dies gilt auch, wenn ein Termin z.B. durch Krankheit, versp\u00e4tete Bahn oder andere nicht verschuldete Gr\u00fcnde vers\u00e4umt wird, also unabh\u00e4ngig vom Absagegrund. <em>Das Ausfallhonorar betr\u00e4gt <strong>60 Euro<\/strong>.<\/em><\/p>\n","protected":false},"excerpt":{"rendered":"<p>Da ich keinen Kassensitz habe, biete ich keine Therapiepl\u00e4tze f\u00fcr Patienten an, die \u00fcber die gesetzliche Krankenversicherung abrechnen. Ich biete Termine ausschlie\u00dflich f\u00fcr Privatpatienten, Beihilfeberechtigte und Selbstzahler an. NEU: ab dem 1.7.2024 gibt es eine neue Abrechnungsempfehlung der Bundes\u00e4rztekammer, der Bundespsychotherapeutenkammer, dem Verband der Privaten Krankenversicherung und den Beihilfestellen von Bund und L\u00e4ndern. Es gelten [&hellip;]<\/p>\n","protected":false},"author":1,"featured_media":0,"parent":0,"menu_order":0,"comment_status":"closed","ping_status":"closed","template":"","meta":{"footnotes":""},"class_list":["post-135","page","type-page","status-publish","hentry"],"_links":{"self":[{"href":"https:\/\/www.iris-gothe.de\/index.php\/wp-json\/wp\/v2\/pages\/135","targetHints":{"allow":["GET"]}}],"collection":[{"href":"https:\/\/www.iris-gothe.de\/index.php\/wp-json\/wp\/v2\/pages"}],"about":[{"href":"https:\/\/www.iris-gothe.de\/index.php\/wp-json\/wp\/v2\/types\/page"}],"author":[{"embeddable":true,"href":"https:\/\/www.iris-gothe.de\/index.php\/wp-json\/wp\/v2\/users\/1"}],"replies":[{"embeddable":true,"href":"https:\/\/www.iris-gothe.de\/index.php\/wp-json\/wp\/v2\/comments?post=135"}],"version-history":[{"count":46,"href":"https:\/\/www.iris-gothe.de\/index.php\/wp-json\/wp\/v2\/pages\/135\/revisions"}],"predecessor-version":[{"id":626,"href":"https:\/\/www.iris-gothe.de\/index.php\/wp-json\/wp\/v2\/pages\/135\/revisions\/626"}],"wp:attachment":[{"href":"https:\/\/www.iris-gothe.de\/index.php\/wp-json\/wp\/v2\/media?parent=135"}],"curies":[{"name":"wp","href":"https:\/\/api.w.org\/{rel}","templated":true}]}}