{"id":26,"date":"2021-02-21T15:46:18","date_gmt":"2021-02-21T15:46:18","guid":{"rendered":"https:\/\/www.iris-gothe.de\/?page_id=26"},"modified":"2023-12-10T18:55:16","modified_gmt":"2023-12-10T18:55:16","slug":"iris-gothe","status":"publish","type":"page","link":"https:\/\/www.iris-gothe.de\/index.php\/iris-gothe\/","title":{"rendered":"S\u00e4uglings-Kleinkind-Therapie"},"content":{"rendered":"\n<h2 class=\"wp-block-heading\">Therapie f\u00fcr Babys und Kleinkinder<\/h2>\n\n\n\n<p>Ihnen f\u00e4llt die Decke auf den Kopf? Sie machen sich Sorgen um die Entwicklung Ihres Babys? Ihr Baby schreit scheinbar ohne Grund? Sie haben schon alles probiert und kommen nicht weiter? Ihre N\u00e4chte sind schlaflos? <\/p>\n\n\n\n<p>Ich biete schnell und unb\u00fcrokratisch therapeutische Sitzungen an. <\/p>\n\n\n\n<p>Die Kosten \u00fcbernehmen Sie als Selbstzahler oder bei Privatversicherten die Krankenkasse oder Beihilfe. Da ich Kinder- und Jugendlichenpsychotherapeutin bin, werden diese dann \u00fcber die Versicherung des Kindes abgerechnet.<\/p>\n\n\n\n<p>Die Therapie findet entweder pers\u00f6nlich in meiner Praxis in der K\u00e4fertaler Str. 147 in Mannheim oder online (von \u00fcberall) statt. Sie entscheiden, wer daran teilnimmt: ein Elternteil, beide Elternteile, mit ihrem Kind gemeinsam oder alleine. Ich richte mich nach Ihren Bed\u00fcrfnissen. Gegen Aufpreis komme ich auch zu Ihnen nach Hause.<\/p>\n\n\n\n<p>Rufen Sie mich an: 0176 456 38 460<\/p>\n\n\n\n<p>oder  schreiben mir eine Email an: kjp.gothe [\u00e4t] mailbox.org<\/p>\n\n\n<div class=\"wp-block-image\">\n<figure class=\"aligncenter size-medium\"><img loading=\"lazy\" decoding=\"async\" width=\"270\" height=\"300\" src=\"https:\/\/www.iris-gothe.de\/wp-content\/uploads\/2023\/12\/bildpekip1-e1702234175671-270x300.jpg\" alt=\"\" class=\"wp-image-424\" srcset=\"https:\/\/www.iris-gothe.de\/wp-content\/uploads\/2023\/12\/bildpekip1-e1702234175671-270x300.jpg 270w, https:\/\/www.iris-gothe.de\/wp-content\/uploads\/2023\/12\/bildpekip1-e1702234175671.jpg 472w\" sizes=\"auto, (max-width: 270px) 100vw, 270px\" \/><\/figure><\/div>\n\n\n<h3 class=\"wp-block-heading\">Meine Qualifikation<\/h3>\n\n\n\n<p>Von 2013-2017 habe ich eine Weiterbildung und den Aufbaukurs <strong>\u201ePsychodynamisch- interaktionelle Beratung und Psychotherapie f\u00fcr Familien mit S\u00e4uglingen und Kleinkindern\u201c <\/strong>am Heidelberger Seminar Fr\u00fche Kindheit und Familie absolviert und mit Zertifikat abgeschlossen. <\/p>\n\n\n\n<p>Seitdem habe ich Eltern und Ihre Babys in verschiedenen Kontexten erfolgreich begleitet und beraten. Meist reichen nur wenige Sitzungen, um Ihrem Kind und Ihnen zu helfen.<\/p>\n\n\n\n<h3 class=\"wp-block-heading\">Inhalte der Therapie k\u00f6nnen sein<\/h3>\n\n\n\n<p id=\"block-e38048f4-a344-4b0a-a5b2-53cad054fb0d\"><strong>Auf Seiten des Kindes<\/strong>:<\/p>\n\n\n\n<ul class=\"wp-block-list\" id=\"block-a065445e-2044-42a6-8224-facb84532413\"><li>sogenannte Regulationsst\u00f6rungen<\/li><li>\u00fcberm\u00e4\u00dfig h\u00e4ufiges Schreien<\/li><li>Starke Unruhe des S\u00e4uglings<\/li><li>Schwierigkeiten beim Ein- und Durchschlafen<\/li><li>Probleme beim F\u00fcttern oder Stillen<\/li><li>starkes Anklammern und (Trennungs-) \u00c4ngstlichkeit<\/li><li>Spielunlust<\/li><li>\u00fcberm\u00e4\u00dfiges Trotzen oder aggressives Verhalten<\/li><li>alle weiteren Themen, die Ihnen Sorge bereiten<\/li><\/ul>\n\n\n\n<p id=\"block-2f102f40-fd7c-47a7-b282-d42318058cc7\"><strong>Auf Seiten der Eltern<\/strong>:<\/p>\n\n\n\n<ul class=\"wp-block-list\" id=\"block-1d13d426-ef59-4583-ae74-72740434b2ff\"><li>Sorge um die Eltern-Kind-Beziehung<\/li><li>Sorge um die Paarbeziehung<\/li><li>Belastendes Geburtserleben<\/li><li>Erstberatung bei Baby-Blues, Gr\u00fcbelgedanken, Schlaflosigkeit, Aggression, Sorgengedanken. andere psychische Belastungen<\/li><\/ul>\n\n\n\n<p><strong>Alle anderen Themen, die Ihnen in Bezug auf Ihr Kind Sorgen bereiten<\/strong>.<\/p>\n\n\n\n<ul class=\"wp-block-list\"><li>wichtig ist, dass Sie zun\u00e4chst immer den Kinderarzt kontaktieren, um organische Ursachen auszuschlie\u00dfen!<\/li><li>Die gemeinsamen Sitzungen sollen Ihnen helfen einen Weg aus negativen Kreisl\u00e4ufen zu finden<\/li><li>Die Gespr\u00e4che sind Ressourcen st\u00e4rkend und l\u00f6sungsorientiert<\/li><li>es wird kein vorgefertigter Weg angeboten, sondern ich suche gemeinsam mit Ihnen nach einem f\u00fcr Sie passenden Weg <\/li><\/ul>\n","protected":false},"excerpt":{"rendered":"<p>Therapie f\u00fcr Babys und Kleinkinder Ihnen f\u00e4llt die Decke auf den Kopf? Sie machen sich Sorgen um die Entwicklung Ihres Babys? Ihr Baby schreit scheinbar ohne Grund? Sie haben schon alles probiert und kommen nicht weiter? Ihre N\u00e4chte sind schlaflos? Ich biete schnell und unb\u00fcrokratisch therapeutische Sitzungen an. Die Kosten \u00fcbernehmen Sie als Selbstzahler oder [&hellip;]<\/p>\n","protected":false},"author":1,"featured_media":0,"parent":0,"menu_order":0,"comment_status":"closed","ping_status":"closed","template":"","meta":{"footnotes":""},"class_list":["post-26","page","type-page","status-publish","hentry"],"_links":{"self":[{"href":"https:\/\/www.iris-gothe.de\/index.php\/wp-json\/wp\/v2\/pages\/26","targetHints":{"allow":["GET"]}}],"collection":[{"href":"https:\/\/www.iris-gothe.de\/index.php\/wp-json\/wp\/v2\/pages"}],"about":[{"href":"https:\/\/www.iris-gothe.de\/index.php\/wp-json\/wp\/v2\/types\/page"}],"author":[{"embeddable":true,"href":"https:\/\/www.iris-gothe.de\/index.php\/wp-json\/wp\/v2\/users\/1"}],"replies":[{"embeddable":true,"href":"https:\/\/www.iris-gothe.de\/index.php\/wp-json\/wp\/v2\/comments?post=26"}],"version-history":[{"count":11,"href":"https:\/\/www.iris-gothe.de\/index.php\/wp-json\/wp\/v2\/pages\/26\/revisions"}],"predecessor-version":[{"id":430,"href":"https:\/\/www.iris-gothe.de\/index.php\/wp-json\/wp\/v2\/pages\/26\/revisions\/430"}],"wp:attachment":[{"href":"https:\/\/www.iris-gothe.de\/index.php\/wp-json\/wp\/v2\/media?parent=26"}],"curies":[{"name":"wp","href":"https:\/\/api.w.org\/{rel}","templated":true}]}}